{"id":73,"date":"2018-10-23T08:32:35","date_gmt":"2018-10-23T08:32:35","guid":{"rendered":"https:\/\/futuriodemos.com\/default-demo\/?page_id=72"},"modified":"2023-11-23T12:21:48","modified_gmt":"2023-11-23T11:21:48","slug":"contact","status":"publish","type":"page","link":"https:\/\/comunale.pl\/index.php\/contact\/","title":{"rendered":"Kontakt"},"content":{"rendered":"\t\t<div data-elementor-type=\"wp-post\" data-elementor-id=\"73\" class=\"elementor elementor-73\" data-elementor-post-type=\"page\">\n\t\t\t\t\t\t\t\t\t<section class=\"elementor-section elementor-top-section elementor-element elementor-element-3d53e194 elementor-section-full_width elementor-section-stretched elementor-section-height-min-height elementor-section-height-default elementor-section-items-middle\" data-id=\"3d53e194\" data-element_type=\"section\" data-settings=\"{&quot;stretch_section&quot;:&quot;section-stretched&quot;}\">\n\t\t\t\t\t\t<div class=\"elementor-container elementor-column-gap-no\">\n\t\t\t\t\t<div class=\"elementor-column elementor-col-100 elementor-top-column elementor-element elementor-element-100d57f1\" data-id=\"100d57f1\" data-element_type=\"column\">\n\t\t\t<div class=\"elementor-widget-wrap elementor-element-populated\">\n\t\t\t\t\t\t\t\t<div class=\"elementor-element elementor-element-441c0160 elementor-widget elementor-widget-google_maps\" data-id=\"441c0160\" data-element_type=\"widget\" data-widget_type=\"google_maps.default\">\n\t\t\t\t<div class=\"elementor-widget-container\">\n\t\t\t<style>\/*! elementor - v3.16.0 - 20-09-2023 *\/\n.elementor-widget-google_maps .elementor-widget-container{overflow:hidden}.elementor-widget-google_maps .elementor-custom-embed{line-height:0}.elementor-widget-google_maps iframe{height:300px}<\/style>\t\t<div class=\"elementor-custom-embed\">\n\t\t\t<iframe loading=\"lazy\"\n\t\t\t\t\tsrc=\"https:\/\/maps.google.com\/maps?q=Pozna%C5%84%20P%C3%B3%C5%82nocna%201&#038;t=m&#038;z=14&#038;output=embed&#038;iwloc=near\"\n\t\t\t\t\ttitle=\"Pozna\u0144 P\u00f3\u0142nocna 1\"\n\t\t\t\t\taria-label=\"Pozna\u0144 P\u00f3\u0142nocna 1\"\n\t\t\t><\/iframe>\n\t\t<\/div>\n\t\t\t\t<\/div>\n\t\t\t\t<\/div>\n\t\t\t\t\t<\/div>\n\t\t<\/div>\n\t\t\t\t\t\t\t<\/div>\n\t\t<\/section>\n\t\t\t\t<section class=\"elementor-section elementor-top-section elementor-element elementor-element-e418a57 elementor-section-stretched elementor-section-content-middle elementor-section-full_width elementor-section-height-default elementor-section-height-default\" data-id=\"e418a57\" data-element_type=\"section\" data-settings=\"{&quot;stretch_section&quot;:&quot;section-stretched&quot;,&quot;background_background&quot;:&quot;classic&quot;}\">\n\t\t\t\t\t\t<div class=\"elementor-container elementor-column-gap-default\">\n\t\t\t\t\t<div class=\"elementor-column elementor-col-100 elementor-top-column elementor-element elementor-element-010629f elementor-invisible\" data-id=\"010629f\" data-element_type=\"column\" data-settings=\"{&quot;animation&quot;:&quot;slideInLeft&quot;}\">\n\t\t\t<div class=\"elementor-widget-wrap elementor-element-populated\">\n\t\t\t\t\t\t\t\t<section class=\"elementor-section elementor-inner-section elementor-element elementor-element-6cce9d5 elementor-section-boxed elementor-section-height-default elementor-section-height-default\" data-id=\"6cce9d5\" data-element_type=\"section\">\n\t\t\t\t\t\t<div class=\"elementor-container elementor-column-gap-default\">\n\t\t\t\t\t<div class=\"elementor-column elementor-col-100 elementor-inner-column elementor-element elementor-element-9a08bc5\" data-id=\"9a08bc5\" data-element_type=\"column\">\n\t\t\t<div class=\"elementor-widget-wrap elementor-element-populated\">\n\t\t\t\t\t\t\t\t<div class=\"elementor-element elementor-element-f81ab46 elementor-widget elementor-widget-heading\" data-id=\"f81ab46\" data-element_type=\"widget\" data-widget_type=\"heading.default\">\n\t\t\t\t<div class=\"elementor-widget-container\">\n\t\t\t<style>\/*! elementor - v3.16.0 - 20-09-2023 *\/\n.elementor-heading-title{padding:0;margin:0;line-height:1}.elementor-widget-heading .elementor-heading-title[class*=elementor-size-]>a{color:inherit;font-size:inherit;line-height:inherit}.elementor-widget-heading .elementor-heading-title.elementor-size-small{font-size:15px}.elementor-widget-heading .elementor-heading-title.elementor-size-medium{font-size:19px}.elementor-widget-heading .elementor-heading-title.elementor-size-large{font-size:29px}.elementor-widget-heading .elementor-heading-title.elementor-size-xl{font-size:39px}.elementor-widget-heading .elementor-heading-title.elementor-size-xxl{font-size:59px}<\/style><h2 class=\"elementor-heading-title elementor-size-default\">Kontakt<\/h2>\t\t<\/div>\n\t\t\t\t<\/div>\n\t\t\t\t\t<\/div>\n\t\t<\/div>\n\t\t\t\t\t\t\t<\/div>\n\t\t<\/section>\n\t\t\t\t<div class=\"elementor-element elementor-element-292dd28 elementor-widget elementor-widget-spacer\" data-id=\"292dd28\" data-element_type=\"widget\" data-widget_type=\"spacer.default\">\n\t\t\t\t<div class=\"elementor-widget-container\">\n\t\t\t<style>\/*! elementor - v3.16.0 - 20-09-2023 *\/\n.elementor-column .elementor-spacer-inner{height:var(--spacer-size)}.e-con{--container-widget-width:100%}.e-con-inner>.elementor-widget-spacer,.e-con>.elementor-widget-spacer{width:var(--container-widget-width,var(--spacer-size));--align-self:var(--container-widget-align-self,initial);--flex-shrink:0}.e-con-inner>.elementor-widget-spacer>.elementor-widget-container,.e-con>.elementor-widget-spacer>.elementor-widget-container{height:100%;width:100%}.e-con-inner>.elementor-widget-spacer>.elementor-widget-container>.elementor-spacer,.e-con>.elementor-widget-spacer>.elementor-widget-container>.elementor-spacer{height:100%}.e-con-inner>.elementor-widget-spacer>.elementor-widget-container>.elementor-spacer>.elementor-spacer-inner,.e-con>.elementor-widget-spacer>.elementor-widget-container>.elementor-spacer>.elementor-spacer-inner{height:var(--container-widget-height,var(--spacer-size))}.e-con-inner>.elementor-widget-spacer.elementor-widget-empty,.e-con>.elementor-widget-spacer.elementor-widget-empty{position:relative;min-height:22px;min-width:22px}.e-con-inner>.elementor-widget-spacer.elementor-widget-empty .elementor-widget-empty-icon,.e-con>.elementor-widget-spacer.elementor-widget-empty .elementor-widget-empty-icon{position:absolute;top:0;bottom:0;left:0;right:0;margin:auto;padding:0;width:22px;height:22px}<\/style>\t\t<div class=\"elementor-spacer\">\n\t\t\t<div class=\"elementor-spacer-inner\"><\/div>\n\t\t<\/div>\n\t\t\t\t<\/div>\n\t\t\t\t<\/div>\n\t\t\t\t<section class=\"elementor-section elementor-inner-section elementor-element elementor-element-62af672 elementor-section-boxed elementor-section-height-default elementor-section-height-default\" data-id=\"62af672\" data-element_type=\"section\">\n\t\t\t\t\t\t<div class=\"elementor-container elementor-column-gap-default\">\n\t\t\t\t\t<div class=\"elementor-column elementor-col-25 elementor-inner-column elementor-element elementor-element-d39fc83\" data-id=\"d39fc83\" data-element_type=\"column\">\n\t\t\t<div class=\"elementor-widget-wrap elementor-element-populated\">\n\t\t\t\t\t\t\t\t<div class=\"elementor-element elementor-element-06bf052 elementor-widget elementor-widget-heading\" data-id=\"06bf052\" data-element_type=\"widget\" data-widget_type=\"heading.default\">\n\t\t\t\t<div class=\"elementor-widget-container\">\n\t\t\t<span class=\"elementor-heading-title elementor-size-default\">Siedziba<\/span>\t\t<\/div>\n\t\t\t\t<\/div>\n\t\t\t\t<div class=\"elementor-element elementor-element-2e94180 elementor-widget elementor-widget-text-editor\" data-id=\"2e94180\" data-element_type=\"widget\" data-widget_type=\"text-editor.default\">\n\t\t\t\t<div class=\"elementor-widget-container\">\n\t\t\t<style>\/*! elementor - v3.16.0 - 20-09-2023 *\/\n.elementor-widget-text-editor.elementor-drop-cap-view-stacked .elementor-drop-cap{background-color:#69727d;color:#fff}.elementor-widget-text-editor.elementor-drop-cap-view-framed .elementor-drop-cap{color:#69727d;border:3px solid;background-color:transparent}.elementor-widget-text-editor:not(.elementor-drop-cap-view-default) .elementor-drop-cap{margin-top:8px}.elementor-widget-text-editor:not(.elementor-drop-cap-view-default) .elementor-drop-cap-letter{width:1em;height:1em}.elementor-widget-text-editor .elementor-drop-cap{float:left;text-align:center;line-height:1;font-size:50px}.elementor-widget-text-editor .elementor-drop-cap-letter{display:inline-block}<\/style>\t\t\t\t<p><strong>ul. Smolna 13D\/119<\/strong><\/p><p><strong>61-008 Pozna\u0144<\/strong><\/p><p>\u00a0<\/p>\t\t\t\t\t\t<\/div>\n\t\t\t\t<\/div>\n\t\t\t\t\t<\/div>\n\t\t<\/div>\n\t\t\t\t<div class=\"elementor-column elementor-col-25 elementor-inner-column elementor-element elementor-element-efaa4c7\" data-id=\"efaa4c7\" data-element_type=\"column\">\n\t\t\t<div class=\"elementor-widget-wrap elementor-element-populated\">\n\t\t\t\t\t\t\t\t<div class=\"elementor-element elementor-element-4d2918f elementor-widget elementor-widget-heading\" data-id=\"4d2918f\" data-element_type=\"widget\" data-widget_type=\"heading.default\">\n\t\t\t\t<div class=\"elementor-widget-container\">\n\t\t\t<span class=\"elementor-heading-title elementor-size-default\">oddzia\u0142 Pozna\u0144<\/span>\t\t<\/div>\n\t\t\t\t<\/div>\n\t\t\t\t<div class=\"elementor-element elementor-element-30d4b33 elementor-widget elementor-widget-text-editor\" data-id=\"30d4b33\" data-element_type=\"widget\" data-widget_type=\"text-editor.default\">\n\t\t\t\t<div class=\"elementor-widget-container\">\n\t\t\t\t\t\t\t<p><strong>ul. P\u00f3\u0142nocna 1<\/strong><\/p><p><strong>61-719 Pozna\u0144<\/strong><\/p><p><strong>tel. 600 242 300\/600 242 800<\/strong><\/p>\t\t\t\t\t\t<\/div>\n\t\t\t\t<\/div>\n\t\t\t\t\t<\/div>\n\t\t<\/div>\n\t\t\t\t<div class=\"elementor-column elementor-col-25 elementor-inner-column elementor-element elementor-element-c70fae7\" data-id=\"c70fae7\" data-element_type=\"column\">\n\t\t\t<div class=\"elementor-widget-wrap elementor-element-populated\">\n\t\t\t\t\t\t\t\t<div class=\"elementor-element elementor-element-2375c9d elementor-widget elementor-widget-heading\" data-id=\"2375c9d\" data-element_type=\"widget\" data-widget_type=\"heading.default\">\n\t\t\t\t<div class=\"elementor-widget-container\">\n\t\t\t<span class=\"elementor-heading-title elementor-size-default\">oddzia\u0142 Gniezno<\/span>\t\t<\/div>\n\t\t\t\t<\/div>\n\t\t\t\t<div class=\"elementor-element elementor-element-d1e3046 elementor-widget elementor-widget-text-editor\" data-id=\"d1e3046\" data-element_type=\"widget\" data-widget_type=\"text-editor.default\">\n\t\t\t\t<div class=\"elementor-widget-container\">\n\t\t\t\t\t\t\t<p><strong>ul. Konikowo 12<\/strong><\/p><p><strong>62-200 Gniezno<\/strong><\/p><p><strong>tel. 600 242 300\/600 242 800<\/strong><\/p>\t\t\t\t\t\t<\/div>\n\t\t\t\t<\/div>\n\t\t\t\t\t<\/div>\n\t\t<\/div>\n\t\t\t\t<div class=\"elementor-column elementor-col-25 elementor-inner-column elementor-element elementor-element-f9184b7\" data-id=\"f9184b7\" data-element_type=\"column\">\n\t\t\t<div class=\"elementor-widget-wrap elementor-element-populated\">\n\t\t\t\t\t\t\t\t<div class=\"elementor-element elementor-element-4a3d3ba elementor-widget elementor-widget-heading\" data-id=\"4a3d3ba\" data-element_type=\"widget\" data-widget_type=\"heading.default\">\n\t\t\t\t<div class=\"elementor-widget-container\">\n\t\t\t<span class=\"elementor-heading-title elementor-size-default\">oddzia\u0142 J\u00f3zefowo<\/span>\t\t<\/div>\n\t\t\t\t<\/div>\n\t\t\t\t<div class=\"elementor-element elementor-element-f05b448 elementor-widget elementor-widget-text-editor\" data-id=\"f05b448\" data-element_type=\"widget\" data-widget_type=\"text-editor.default\">\n\t\t\t\t<div class=\"elementor-widget-container\">\n\t\t\t\t\t\t\t<p><strong>J\u00f3zefowo 26<\/strong><\/p><p><strong>64-310 Lw\u00f3wek<\/strong><\/p><p><strong>tel. 600 242 300\/600 242 800<\/strong><\/p>\t\t\t\t\t\t<\/div>\n\t\t\t\t<\/div>\n\t\t\t\t\t<\/div>\n\t\t<\/div>\n\t\t\t\t\t\t\t<\/div>\n\t\t<\/section>\n\t\t\t\t<div class=\"elementor-element elementor-element-61e42a4 elementor-widget elementor-widget-spacer\" data-id=\"61e42a4\" data-element_type=\"widget\" data-widget_type=\"spacer.default\">\n\t\t\t\t<div class=\"elementor-widget-container\">\n\t\t\t\t\t<div class=\"elementor-spacer\">\n\t\t\t<div class=\"elementor-spacer-inner\"><\/div>\n\t\t<\/div>\n\t\t\t\t<\/div>\n\t\t\t\t<\/div>\n\t\t\t\t\t<\/div>\n\t\t<\/div>\n\t\t\t\t\t\t\t<\/div>\n\t\t<\/section>\n\t\t\t\t\t\t\t<\/div>\n\t\t","protected":false},"excerpt":{"rendered":"<p>Kontakt Siedziba ul. Smolna 13D\/119 61-008 Pozna\u0144 \u00a0 oddzia\u0142 Pozna\u0144 ul. P\u00f3\u0142nocna 1 61-719 Pozna\u0144 tel. 600 242 300\/600 242 800 oddzia\u0142 Gniezno ul. Konikowo 12 62-200 Gniezno tel. 600 242 300\/600 242 800 oddzia\u0142 J\u00f3zefowo J\u00f3zefowo 26 64-310 Lw\u00f3wek tel. 600 242 300\/600 242 800<\/p>\n","protected":false},"author":1,"featured_media":0,"parent":0,"menu_order":0,"comment_status":"closed","ping_status":"closed","template":"","meta":{"footnotes":""},"class_list":["post-73","page","type-page","status-publish","hentry"],"yoast_head":"<!-- This site is optimized with the Yoast SEO plugin v21.2 - https:\/\/yoast.com\/wordpress\/plugins\/seo\/ -->\n<title>Kontakt - comunale.pl<\/title>\n<meta name=\"robots\" content=\"index, follow, max-snippet:-1, max-image-preview:large, max-video-preview:-1\" \/>\n<link rel=\"canonical\" href=\"https:\/\/comunale.pl\/index.php\/contact\/\" \/>\n<meta property=\"og:locale\" content=\"pl_PL\" \/>\n<meta property=\"og:type\" content=\"article\" \/>\n<meta property=\"og:title\" content=\"Kontakt - comunale.pl\" \/>\n<meta property=\"og:description\" content=\"Kontakt Siedziba ul. Smolna 13D\/119 61-008 Pozna\u0144 \u00a0 oddzia\u0142 Pozna\u0144 ul. P\u00f3\u0142nocna 1 61-719 Pozna\u0144 tel. 600 242 300\/600 242 800 oddzia\u0142 Gniezno ul. Konikowo 12 62-200 Gniezno tel. 600 242 300\/600 242 800 oddzia\u0142 J\u00f3zefowo J\u00f3zefowo 26 64-310 Lw\u00f3wek tel. 600 242 300\/600 242 800\" \/>\n<meta property=\"og:url\" content=\"https:\/\/comunale.pl\/index.php\/contact\/\" \/>\n<meta property=\"og:site_name\" content=\"comunale.pl\" \/>\n<meta property=\"article:modified_time\" content=\"2023-11-23T11:21:48+00:00\" \/>\n<meta name=\"twitter:card\" content=\"summary_large_image\" \/>\n<meta name=\"twitter:label1\" content=\"Szacowany czas czytania\" \/>\n\t<meta name=\"twitter:data1\" content=\"1 minuta\" \/>\n<script type=\"application\/ld+json\" class=\"yoast-schema-graph\">{\"@context\":\"https:\/\/schema.org\",\"@graph\":[{\"@type\":\"WebPage\",\"@id\":\"https:\/\/comunale.pl\/index.php\/contact\/\",\"url\":\"https:\/\/comunale.pl\/index.php\/contact\/\",\"name\":\"Kontakt - comunale.pl\",\"isPartOf\":{\"@id\":\"https:\/\/comunale.pl\/#website\"},\"datePublished\":\"2018-10-23T08:32:35+00:00\",\"dateModified\":\"2023-11-23T11:21:48+00:00\",\"breadcrumb\":{\"@id\":\"https:\/\/comunale.pl\/index.php\/contact\/#breadcrumb\"},\"inLanguage\":\"pl-PL\",\"potentialAction\":[{\"@type\":\"ReadAction\",\"target\":[\"https:\/\/comunale.pl\/index.php\/contact\/\"]}]},{\"@type\":\"BreadcrumbList\",\"@id\":\"https:\/\/comunale.pl\/index.php\/contact\/#breadcrumb\",\"itemListElement\":[{\"@type\":\"ListItem\",\"position\":1,\"name\":\"Home\",\"item\":\"https:\/\/comunale.pl\/\"},{\"@type\":\"ListItem\",\"position\":2,\"name\":\"Kontakt\"}]},{\"@type\":\"WebSite\",\"@id\":\"https:\/\/comunale.pl\/#website\",\"url\":\"https:\/\/comunale.pl\/\",\"name\":\"comunale.pl\",\"description\":\"Zielony partner w biznesie\",\"publisher\":{\"@id\":\"https:\/\/comunale.pl\/#organization\"},\"potentialAction\":[{\"@type\":\"SearchAction\",\"target\":{\"@type\":\"EntryPoint\",\"urlTemplate\":\"https:\/\/comunale.pl\/?s={search_term_string}\"},\"query-input\":\"required name=search_term_string\"}],\"inLanguage\":\"pl-PL\"},{\"@type\":\"Organization\",\"@id\":\"https:\/\/comunale.pl\/#organization\",\"name\":\"comunale.pl\",\"url\":\"https:\/\/comunale.pl\/\",\"logo\":{\"@type\":\"ImageObject\",\"inLanguage\":\"pl-PL\",\"@id\":\"https:\/\/comunale.pl\/#\/schema\/logo\/image\/\",\"url\":\"https:\/\/comunale.pl\/wp-content\/uploads\/2023\/09\/cropped-COMUNALE-LOGOTYP.jpg\",\"contentUrl\":\"https:\/\/comunale.pl\/wp-content\/uploads\/2023\/09\/cropped-COMUNALE-LOGOTYP.jpg\",\"width\":1772,\"height\":708,\"caption\":\"comunale.pl\"},\"image\":{\"@id\":\"https:\/\/comunale.pl\/#\/schema\/logo\/image\/\"}}]}<\/script>\n<!-- \/ Yoast SEO plugin. -->","yoast_head_json":{"title":"Kontakt - comunale.pl","robots":{"index":"index","follow":"follow","max-snippet":"max-snippet:-1","max-image-preview":"max-image-preview:large","max-video-preview":"max-video-preview:-1"},"canonical":"https:\/\/comunale.pl\/index.php\/contact\/","og_locale":"pl_PL","og_type":"article","og_title":"Kontakt - comunale.pl","og_description":"Kontakt Siedziba ul. Smolna 13D\/119 61-008 Pozna\u0144 \u00a0 oddzia\u0142 Pozna\u0144 ul. P\u00f3\u0142nocna 1 61-719 Pozna\u0144 tel. 600 242 300\/600 242 800 oddzia\u0142 Gniezno ul. Konikowo 12 62-200 Gniezno tel. 600 242 300\/600 242 800 oddzia\u0142 J\u00f3zefowo J\u00f3zefowo 26 64-310 Lw\u00f3wek tel. 600 242 300\/600 242 800","og_url":"https:\/\/comunale.pl\/index.php\/contact\/","og_site_name":"comunale.pl","article_modified_time":"2023-11-23T11:21:48+00:00","twitter_card":"summary_large_image","twitter_misc":{"Szacowany czas czytania":"1 minuta"},"schema":{"@context":"https:\/\/schema.org","@graph":[{"@type":"WebPage","@id":"https:\/\/comunale.pl\/index.php\/contact\/","url":"https:\/\/comunale.pl\/index.php\/contact\/","name":"Kontakt - comunale.pl","isPartOf":{"@id":"https:\/\/comunale.pl\/#website"},"datePublished":"2018-10-23T08:32:35+00:00","dateModified":"2023-11-23T11:21:48+00:00","breadcrumb":{"@id":"https:\/\/comunale.pl\/index.php\/contact\/#breadcrumb"},"inLanguage":"pl-PL","potentialAction":[{"@type":"ReadAction","target":["https:\/\/comunale.pl\/index.php\/contact\/"]}]},{"@type":"BreadcrumbList","@id":"https:\/\/comunale.pl\/index.php\/contact\/#breadcrumb","itemListElement":[{"@type":"ListItem","position":1,"name":"Home","item":"https:\/\/comunale.pl\/"},{"@type":"ListItem","position":2,"name":"Kontakt"}]},{"@type":"WebSite","@id":"https:\/\/comunale.pl\/#website","url":"https:\/\/comunale.pl\/","name":"comunale.pl","description":"Zielony partner w biznesie","publisher":{"@id":"https:\/\/comunale.pl\/#organization"},"potentialAction":[{"@type":"SearchAction","target":{"@type":"EntryPoint","urlTemplate":"https:\/\/comunale.pl\/?s={search_term_string}"},"query-input":"required name=search_term_string"}],"inLanguage":"pl-PL"},{"@type":"Organization","@id":"https:\/\/comunale.pl\/#organization","name":"comunale.pl","url":"https:\/\/comunale.pl\/","logo":{"@type":"ImageObject","inLanguage":"pl-PL","@id":"https:\/\/comunale.pl\/#\/schema\/logo\/image\/","url":"https:\/\/comunale.pl\/wp-content\/uploads\/2023\/09\/cropped-COMUNALE-LOGOTYP.jpg","contentUrl":"https:\/\/comunale.pl\/wp-content\/uploads\/2023\/09\/cropped-COMUNALE-LOGOTYP.jpg","width":1772,"height":708,"caption":"comunale.pl"},"image":{"@id":"https:\/\/comunale.pl\/#\/schema\/logo\/image\/"}}]}},"_links":{"self":[{"href":"https:\/\/comunale.pl\/index.php\/wp-json\/wp\/v2\/pages\/73","targetHints":{"allow":["GET"]}}],"collection":[{"href":"https:\/\/comunale.pl\/index.php\/wp-json\/wp\/v2\/pages"}],"about":[{"href":"https:\/\/comunale.pl\/index.php\/wp-json\/wp\/v2\/types\/page"}],"author":[{"embeddable":true,"href":"https:\/\/comunale.pl\/index.php\/wp-json\/wp\/v2\/users\/1"}],"replies":[{"embeddable":true,"href":"https:\/\/comunale.pl\/index.php\/wp-json\/wp\/v2\/comments?post=73"}],"version-history":[{"count":22,"href":"https:\/\/comunale.pl\/index.php\/wp-json\/wp\/v2\/pages\/73\/revisions"}],"predecessor-version":[{"id":474,"href":"https:\/\/comunale.pl\/index.php\/wp-json\/wp\/v2\/pages\/73\/revisions\/474"}],"wp:attachment":[{"href":"https:\/\/comunale.pl\/index.php\/wp-json\/wp\/v2\/media?parent=73"}],"curies":[{"name":"wp","href":"https:\/\/api.w.org\/{rel}","templated":true}]}}